{"id":984,"date":"2021-01-29T20:39:28","date_gmt":"2021-01-29T20:39:28","guid":{"rendered":"http:\/\/www.campingmontdesbruyeres.com\/?page_id=984"},"modified":"2024-12-18T18:39:05","modified_gmt":"2024-12-18T18:39:05","slug":"tarif-location-mobil-3-chambres","status":"publish","type":"page","link":"https:\/\/www.campingmontdesbruyeres.com\/?page_id=984","title":{"rendered":"Tarif location mobil 3 chambres"},"content":{"rendered":"\n<figure class=\"wp-block-image\"><img decoding=\"async\" loading=\"lazy\" width=\"1024\" height=\"178\" src=\"https:\/\/www.campingmontdesbruyeres.com\/camping\/wp-content\/uploads\/2018\/07\/wp-logo-1024x178.png\" alt=\"\" class=\"wp-image-84\"\/><\/figure>\n\n\n\n<h3 class=\"wp-block-heading has-text-align-center\">LOCATION DU SAMEDI 16H AU SAMEDI 11H<\/h3>\n\n\n\n<p class=\"has-drop-cap has-very-dark-gray-color has-text-color\"><strong>M<strong>obil Homes\u00a0 3 chambres <strong>avec terrasse de 20m\u00b2<\/strong>:<\/strong> <strong>mobil home de 3 chambres, salle de bain avec douche et WC, enti\u00e8rement \u00e9quip\u00e9 en vaisselle, TV TNT, piano de cuisson avec int\u00e9gr\u00e9 four et grill \u00e0 pizza, four micro-onde, cafeti\u00e8re \u00e9lectrique, grill \u00e9lectrique, couettes, oreillers, parures de draps fournies, s\u00e9choir \u00e0 linge, salon de jardin. Charges comprises sans limite de consommation.<\/strong><\/strong><\/p>\n\n\n\n<figure class=\"wp-block-table aligncenter is-style-stripes\"><table class=\"has-fixed-layout\"><tbody><tr><td>Tarif de 1 \u00e0 4 personnes<\/td><td>Prix \u00e0 la semaine charges comprises (eau, \u00e9lectricit\u00e9 10A, gaz)*<\/td><\/tr><tr><td>Basse saison<\/td><td>450,00\u20ac<\/td><\/tr><tr><td>Haute saison**<\/td><td>500,00\u20ac<\/td><\/tr><tr><td>Prix curistes 3 semaines basse saison<\/td><td>1050,00\u20ac<\/td><\/tr><tr><td>Prix curistes 3 semaines haute saison**<\/td><td>1150,00\u20ac<\/td><\/tr><\/tbody><\/table><\/figure>\n\n\n\n<p class=\"has-cyan-bluish-gray-color has-text-color has-small-font-size\">Hors Taxe de s\u00e9jour : 0,31\u20ac par jour et par personne.<br> ** Haute saison du 1er Juillet au 31 Ao\u00fbt<\/p>\n","protected":false},"excerpt":{"rendered":"<p>LOCATION DU SAMEDI 16H AU SAMEDI 11H Mobil Homes\u00a0 3 chambres avec terrasse de 20m\u00b2: mobil home de 3 chambres, salle de bain avec douche et WC, enti\u00e8rement \u00e9quip\u00e9 en vaisselle, TV TNT, piano de cuisson avec int\u00e9gr\u00e9 four et grill \u00e0 pizza, four micro-onde, cafeti\u00e8re \u00e9lectrique, grill \u00e9lectrique, couettes, oreillers, parures de draps fournies, [&hellip;]<\/p>\n","protected":false},"author":2,"featured_media":0,"parent":0,"menu_order":0,"comment_status":"closed","ping_status":"closed","template":"fullwidth-template.php","meta":[],"_links":{"self":[{"href":"https:\/\/www.campingmontdesbruyeres.com\/index.php?rest_route=\/wp\/v2\/pages\/984"}],"collection":[{"href":"https:\/\/www.campingmontdesbruyeres.com\/index.php?rest_route=\/wp\/v2\/pages"}],"about":[{"href":"https:\/\/www.campingmontdesbruyeres.com\/index.php?rest_route=\/wp\/v2\/types\/page"}],"author":[{"embeddable":true,"href":"https:\/\/www.campingmontdesbruyeres.com\/index.php?rest_route=\/wp\/v2\/users\/2"}],"replies":[{"embeddable":true,"href":"https:\/\/www.campingmontdesbruyeres.com\/index.php?rest_route=%2Fwp%2Fv2%2Fcomments&post=984"}],"version-history":[{"count":10,"href":"https:\/\/www.campingmontdesbruyeres.com\/index.php?rest_route=\/wp\/v2\/pages\/984\/revisions"}],"predecessor-version":[{"id":1455,"href":"https:\/\/www.campingmontdesbruyeres.com\/index.php?rest_route=\/wp\/v2\/pages\/984\/revisions\/1455"}],"wp:attachment":[{"href":"https:\/\/www.campingmontdesbruyeres.com\/index.php?rest_route=%2Fwp%2Fv2%2Fmedia&parent=984"}],"curies":[{"name":"wp","href":"https:\/\/api.w.org\/{rel}","templated":true}]}}