{"id":834,"date":"2019-05-20T10:56:23","date_gmt":"2019-05-20T10:56:23","guid":{"rendered":"http:\/\/www.campingmontdesbruyeres.com\/?page_id=834"},"modified":"2019-05-20T10:56:24","modified_gmt":"2019-05-20T10:56:24","slug":"politique-de-confidentialite","status":"publish","type":"page","link":"https:\/\/www.campingmontdesbruyeres.com\/?page_id=834","title":{"rendered":"Politique de confidentialit\u00e9"},"content":{"rendered":"\n<p>\nLes cookies et votre vie priv\u00e9e\n\t\t\t\t\n\t\t\t \n\t\t\t\t\n\t\t\t\t\n\t\t\t\t\n\t\t\t\t\t<\/p>\n\n\n\n<p>\nLes cookies ou t\u00e9moins de connexion envoient des informations sur vous \naux d\u00e9veloppeurs des technologies que vous utilisez. Vous devez pouvoir \nsavoir quelles sont ces informations, \u00e0 quelles fins elles sont \nutilis\u00e9es et surtout, vous avez le droit de vous opposer \u00e0 leur \nutilisation.<\/p>\n\n\n\n<p> La SARL LE MONT DES BRUYERES  s\u2019engage \u00e0 suivre les recommandations de la CNIL concernant la <strong>collecte et le traitement de vos donn\u00e9es personnelles<\/strong>. Nous mettons tout en \u0153uvre pour <strong>\u00eatre conformes au r\u00e8glement g\u00e9n\u00e9ral sur la protection des donn\u00e9es (RGPD)<\/strong> et \u00e0 la loi Informatiques et Libert\u00e9s.<\/p>\n\n\n\n<h2 class=\"wp-block-heading\">Cookies n\u00e9cessitant le consentement<\/h2>\n\n\n\n<p>Selon la CNIL, 3 types de cookies, non fonctionnels, n\u00e9cessitent le consentement de la part des internautes&nbsp;:<\/p>\n\n\n\n<ul><li>Les cookies li\u00e9s aux op\u00e9rations relatives \u00e0 la publicit\u00e9 cibl\u00e9e ;<\/li><li>Certains cookies de mesure d\u2019audience ;<\/li><li>Les cookies des r\u00e9seaux sociaux g\u00e9n\u00e9r\u00e9s notamment par leurs boutons \nde partage lorsqu\u2019ils collectent des donn\u00e9es personnelles sans \nconsentement des personnes concern\u00e9es.<\/li><\/ul>\n\n\n\n<h2 class=\"wp-block-heading\">Comment recueillons-nous le consentement&nbsp;?<\/h2>\n\n\n\n<p>Nous utilisons l\u2019affichage d\u2019une banni\u00e8re d\u00e9crivant les finalit\u00e9s des\n cookies utilis\u00e9s, demandant explicitement \u00e0 la personne si elle accepte\n le d\u00e9p\u00f4t par familles de cookies, tout en lui pr\u00e9cisant les moyens dont\n elle dispose pour retirer ult\u00e9rieurement son consentement via le bouton\n \u00ab&nbsp;personnaliser&nbsp;\u00bb.<\/p>\n\n\n\n<h2 class=\"wp-block-heading\">Dur\u00e9e de vie des cookies<\/h2>\n\n\n\n<p>La loi exige une <strong>dur\u00e9e de vie maximale des cookies \u00e0 13 mois<\/strong>.\n Sachant que le consentement \u00e0 \u00eatre suivi peut \u00eatre oubli\u00e9 par les \npersonnes qui l\u2019ont manifest\u00e9 \u00e0 un instant donn\u00e9, la CNIL estime \nn\u00e9cessaire de limiter dans le temps la port\u00e9e de ce dernier. \u00c0 \nl\u2019expiration de ce d\u00e9lai, le consentement sera \u00e0 nouveau demand\u00e9 lors \nd\u2019une prochaine visite sur le site Graciet &amp; Co.<\/p>\n\n\n\n<h2 class=\"wp-block-heading\">Modalit\u00e9s pour accepter ou refuser le d\u00e9p\u00f4t de cookies<\/h2>\n\n\n\n<p>Dans un premier temps, l\u2019internaute accepte ou refuse depuis la banni\u00e8re d\u00e9crivant les finalit\u00e9s du d\u00e9p\u00f4t des cookies.<\/p>\n\n\n\n<p>Dans un second temps, il peut choisir d\u2019accepter ou de refuser l\u2019insertion de cookies \u00e0 tout moment en cliquant sur le bouton \u00ab&nbsp;<strong>gestion des services<\/strong>&nbsp;\u00bb, puis en interdisant ou en autorisant le d\u00e9p\u00f4t de cookies par finalit\u00e9s.<\/p>\n\n\n\n<p>Il peut \u00e9galement accepter ou autoriser le d\u00e9p\u00f4t de cookies tiers \ndirectement depuis son navigateur web&nbsp;(cette m\u00e9thode n\u2019est pas \nrecommand\u00e9e par la CNIL) :<\/p>\n\n\n\n<ul><li>Chrome&nbsp;:<\/li><\/ul>\n\n\n\n<p>Menu &gt; Param\u00e8tres &gt; Afficher les param\u00e8tres avanc\u00e9s (en bas du menu sur la gauche).<\/p>\n\n\n\n<p>Il faut ensuite cliquer sur l\u2019onglet <strong>Confidentialit\u00e9 et S\u00e9curit\u00e9<\/strong> puis sur <strong>Param\u00e8tres de contenu<\/strong> &gt; <strong>Cookies<\/strong> &gt; <strong>Bloquer les cookies tiers<\/strong><\/p>\n\n\n\n<ul><li>Firefox&nbsp;:<\/li><\/ul>\n\n\n\n<p>Menu &gt; Options &gt; Onglet \u201c<strong>Vie priv\u00e9e et s\u00e9curit\u00e9<\/strong>\u201c<\/p>\n\n\n\n<p>Param\u00e9trer la section \u201c<strong>Historique<\/strong>\u201d sur \u201c<strong>Utiliser les param\u00e8tres personnalis\u00e9s pour l\u2019historique<\/strong>\u201c.<\/p>\n\n\n\n<p>Enfin, indiquez Jamais pour la r\u00e8gle \u201c<strong>Accepter les cookies tiers<\/strong>\u201c.<\/p>\n\n\n\n<h2 class=\"wp-block-heading\">Formulaires et recueil de donn\u00e9es<\/h2>\n\n\n\n<p>Les informations recueillies sur les formulaires de contact sont enregistr\u00e9es dans un fichier informatis\u00e9 par La SARL LE MONT DES BRUYERES <strong> <\/strong>pour la <strong>gestion de la demande.<\/strong><\/p>\n\n\n\n<p>Elles sont conserv\u00e9es pendant<strong> toute la dur\u00e9e du traitement de la demande (3 ans maximum) <\/strong>et sont destin\u00e9es<strong> aux services commercial, administratif.<\/strong><\/p>\n\n\n\n<p>Conform\u00e9ment \u00e0 la <a rel=\"noreferrer noopener\" href=\"https:\/\/www.cnil.fr\/fr\/loi-78-17-du-6-janvier-1978-modifiee\" target=\"_blank\">loi \u00ab informatique et libert\u00e9s \u00bb<\/a>, vous pouvez exercer votre droit d\u2019acc\u00e8s aux donn\u00e9es vous concernant et les faire rectifier en contactant :  Mme Aurore MANCON  \u2013  <a>lemontdesbruyeres@orange.fr<\/a> <strong>, <\/strong> 806 RUE BASLY SAINT AMAND LES EAUX- 59230 <\/p>\n\n\n\n<p>Nous vous informons de l\u2019existence de la liste d\u2019opposition au \nd\u00e9marchage t\u00e9l\u00e9phonique \u00ab Bloctel \u00bb, sur laquelle vous pouvez vous \ninscrire ici : https:\/\/conso.bloctel.fr\/<\/p>\n\n\n\n<h2 class=\"wp-block-heading\">Responsable du traitement<\/h2>\n\n\n\n<p>Les donn\u00e9es personnelles sont collect\u00e9es par&nbsp;:<\/p>\n\n\n\n<p> Mme Aurore MANCON <\/p>\n\n\n\n<p>SARL LE MONT DES BRUYERES   \u2013 806 RUE  BASLY SAINT AMAND LES EAUX- 59230 <\/p>\n\n\n\n<p>T\u00e9l\u00e9phone :  +33 (0)3 27 48 56 87   <br>Email : <a>lemontdesbruyeres@orange.fr<\/a> <\/p>\n\n\n\n<p><\/p>\n\n\n\n<h2 class=\"wp-block-heading\">Vos droits d\u2019acc\u00e8s, de rectification et d\u2019opposition<\/h2>\n\n\n\n<p>Conform\u00e9ment \u00e0 la loi Informatique et Libert\u00e9s du 6 janvier 1978 \nmodifi\u00e9e, vous pouvez exercer vos droits d\u2019acc\u00e8s, de rectification ou \nd\u2019opposition en faisant une demande aupr\u00e8s du responsable du \ntraitement&nbsp;:<\/p>\n\n\n\n<ul><li>Par courrier \u00e0 l\u2019adresse suivante\u00a0:  806 RUE  BASLY SAINT AMAND LES EAUX- 59230  <\/li><li>Par mail :   <a>lemontdesbruyeres@orange.fr<\/a>  <\/li><\/ul>\n\n\n\n<p>Le responsable du traitement a ensuite 2 mois pour vous apporter une \nr\u00e9ponse satisfaisante. En cas d\u2019absence de r\u00e9ponse, vous \u00eates en droit \nde d\u00e9poser une plainte aupr\u00e8s de la CNIL.<\/p>\n","protected":false},"excerpt":{"rendered":"<p>Les cookies et votre vie priv\u00e9e Les cookies ou t\u00e9moins de connexion envoient des informations sur vous aux d\u00e9veloppeurs des technologies que vous utilisez. Vous devez pouvoir savoir quelles sont ces informations, \u00e0 quelles fins elles sont utilis\u00e9es et surtout, vous avez le droit de vous opposer \u00e0 leur utilisation. La SARL LE MONT DES [&hellip;]<\/p>\n","protected":false},"author":2,"featured_media":0,"parent":0,"menu_order":0,"comment_status":"closed","ping_status":"closed","template":"","meta":[],"_links":{"self":[{"href":"https:\/\/www.campingmontdesbruyeres.com\/index.php?rest_route=\/wp\/v2\/pages\/834"}],"collection":[{"href":"https:\/\/www.campingmontdesbruyeres.com\/index.php?rest_route=\/wp\/v2\/pages"}],"about":[{"href":"https:\/\/www.campingmontdesbruyeres.com\/index.php?rest_route=\/wp\/v2\/types\/page"}],"author":[{"embeddable":true,"href":"https:\/\/www.campingmontdesbruyeres.com\/index.php?rest_route=\/wp\/v2\/users\/2"}],"replies":[{"embeddable":true,"href":"https:\/\/www.campingmontdesbruyeres.com\/index.php?rest_route=%2Fwp%2Fv2%2Fcomments&post=834"}],"version-history":[{"count":2,"href":"https:\/\/www.campingmontdesbruyeres.com\/index.php?rest_route=\/wp\/v2\/pages\/834\/revisions"}],"predecessor-version":[{"id":838,"href":"https:\/\/www.campingmontdesbruyeres.com\/index.php?rest_route=\/wp\/v2\/pages\/834\/revisions\/838"}],"wp:attachment":[{"href":"https:\/\/www.campingmontdesbruyeres.com\/index.php?rest_route=%2Fwp%2Fv2%2Fmedia&parent=834"}],"curies":[{"name":"wp","href":"https:\/\/api.w.org\/{rel}","templated":true}]}}