{"id":630,"date":"2019-05-15T17:03:07","date_gmt":"2019-05-15T17:03:07","guid":{"rendered":"http:\/\/www.campingmontdesbruyeres.com\/camping\/?page_id=630"},"modified":"2024-12-18T18:33:25","modified_gmt":"2024-12-18T18:33:25","slug":"tarification-locatif-2019","status":"publish","type":"page","link":"https:\/\/www.campingmontdesbruyeres.com\/?page_id=630","title":{"rendered":"Tarif location 2 chambres"},"content":{"rendered":"\n<figure class=\"wp-block-image\"><img decoding=\"async\" loading=\"lazy\" width=\"1024\" height=\"178\" src=\"https:\/\/www.campingmontdesbruyeres.com\/camping\/wp-content\/uploads\/2018\/07\/wp-logo-1024x178.png\" alt=\"\" class=\"wp-image-84\"\/><\/figure>\n\n\n\n<h3 class=\"wp-block-heading has-text-align-center\">LOCATION DU SAMEDI 16H AU SAMEDI 11H<\/h3>\n\n\n\n<p class=\"has-drop-cap has-very-dark-gray-color has-text-color\"><strong>M<strong>obil Homes&nbsp; 2 chambres:<\/strong> <strong>mobil homes de diff\u00e9rentes tailles selon mod\u00e8les, 2 chambres, salle de bain avec douche et WC, enti\u00e8rement \u00e9quip\u00e9 en vaisselle, TV TNT, four, four micro-onde, cafeti\u00e8re \u00e9lectrique, grill \u00e9lectrique, couettes, oreillers, parures de draps fournies, s\u00e9choir \u00e0 linge, salon de jardin. Charges comprises sans limite de consommation.<\/strong><\/strong><\/p>\n\n\n\n<figure class=\"wp-block-table aligncenter is-style-stripes\"><table class=\"has-fixed-layout\"><tbody><tr><td><strong>Les 2 chambres \u00e0 prix minis<\/strong><br>                    (s\u00e9lection de mod\u00e8les plus petits \u00e0 petit prix, de 22 \u00e0 26 m\u00b2)<\/td><td>Prix \u00e0 la semaine charges comprises (eau, \u00e9lectricit\u00e9 20A ,gaz)*<\/td><\/tr><tr><td>Basse saison<\/td><td>340,00\u20ac<\/td><\/tr><tr><td>Haute saison**<\/td><td>410,00\u20ac<\/td><\/tr><tr><td>Prix curistes 3 semaines basse saison<\/td><td>840,00\u20ac<\/td><\/tr><tr><td>Prix curistes 3 semaines haute saison**<\/td><td>940,00\u20ac<\/td><\/tr><tr><td>Les 2 chambres \u00e0 prix minis (s\u00e9lection de mod\u00e8les plus petits \u00e0 petit prix, de 27\u00e0 33 m\u00b2)<\/td><td>Prix \u00e0 la semaine charges comprises (eau, \u00e9lectricit\u00e9 20A,gaz)*<\/td><\/tr><tr><td>Basse saison<\/td><td>390,00\u20ac<\/td><\/tr><tr><td>Haute saison**<\/td><td>460,00\u20ac<\/td><\/tr><tr><td>Prix curistes 3 semaines basse saison<\/td><td>940,00\u20ac<\/td><\/tr><tr><td>Prix curistes 3 semaines haute saison**<\/td><td>1040,00\u20ac<\/td><\/tr><\/tbody><\/table><\/figure>\n\n\n\n<p class=\"has-cyan-bluish-gray-color has-text-color has-small-font-size\">Hors Taxe de s\u00e9jour : 0,31\u20ac par jour et par personne.<br> ** Haute saison du 1er Juillet au 31 Ao\u00fbt.<\/p>\n","protected":false},"excerpt":{"rendered":"<p>LOCATION DU SAMEDI 16H AU SAMEDI 11H Mobil Homes&nbsp; 2 chambres: mobil homes de diff\u00e9rentes tailles selon mod\u00e8les, 2 chambres, salle de bain avec douche et WC, enti\u00e8rement \u00e9quip\u00e9 en vaisselle, TV TNT, four, four micro-onde, cafeti\u00e8re \u00e9lectrique, grill \u00e9lectrique, couettes, oreillers, parures de draps fournies, s\u00e9choir \u00e0 linge, salon de jardin. Charges comprises sans [&hellip;]<\/p>\n","protected":false},"author":2,"featured_media":0,"parent":777,"menu_order":0,"comment_status":"closed","ping_status":"closed","template":"","meta":[],"_links":{"self":[{"href":"https:\/\/www.campingmontdesbruyeres.com\/index.php?rest_route=\/wp\/v2\/pages\/630"}],"collection":[{"href":"https:\/\/www.campingmontdesbruyeres.com\/index.php?rest_route=\/wp\/v2\/pages"}],"about":[{"href":"https:\/\/www.campingmontdesbruyeres.com\/index.php?rest_route=\/wp\/v2\/types\/page"}],"author":[{"embeddable":true,"href":"https:\/\/www.campingmontdesbruyeres.com\/index.php?rest_route=\/wp\/v2\/users\/2"}],"replies":[{"embeddable":true,"href":"https:\/\/www.campingmontdesbruyeres.com\/index.php?rest_route=%2Fwp%2Fv2%2Fcomments&post=630"}],"version-history":[{"count":24,"href":"https:\/\/www.campingmontdesbruyeres.com\/index.php?rest_route=\/wp\/v2\/pages\/630\/revisions"}],"predecessor-version":[{"id":1453,"href":"https:\/\/www.campingmontdesbruyeres.com\/index.php?rest_route=\/wp\/v2\/pages\/630\/revisions\/1453"}],"up":[{"embeddable":true,"href":"https:\/\/www.campingmontdesbruyeres.com\/index.php?rest_route=\/wp\/v2\/pages\/777"}],"wp:attachment":[{"href":"https:\/\/www.campingmontdesbruyeres.com\/index.php?rest_route=%2Fwp%2Fv2%2Fmedia&parent=630"}],"curies":[{"name":"wp","href":"https:\/\/api.w.org\/{rel}","templated":true}]}}