{"id":549,"date":"2019-05-14T12:44:23","date_gmt":"2019-05-14T12:44:23","guid":{"rendered":"http:\/\/www.campingmontdesbruyeres.com\/camping\/?page_id=549"},"modified":"2025-02-27T11:01:13","modified_gmt":"2025-02-27T11:01:13","slug":"tarif-camping-2019","status":"publish","type":"page","link":"https:\/\/www.campingmontdesbruyeres.com\/?page_id=549","title":{"rendered":"Tarification camping 2025"},"content":{"rendered":"\n<figure class=\"wp-block-image\"><img decoding=\"async\" loading=\"lazy\" width=\"1024\" height=\"178\" src=\"https:\/\/www.campingmontdesbruyeres.com\/camping\/wp-content\/uploads\/2018\/07\/wp-logo-1024x178.png\" alt=\"\" class=\"wp-image-84\"\/><figcaption class=\"wp-element-caption\"><br><br><\/figcaption><\/figure>\n\n\n\n<h1 class=\"wp-block-heading has-text-align-center\">Tarification 2025<\/h1>\n\n\n\n<figure class=\"wp-block-table aligncenter is-style-stripes\"><table class=\"has-fixed-layout\"><tbody><tr><td><\/td><td> <br> <em>Basse Saison<\/em>  <\/td><td> <br> <em>Haute saison<\/em> (1)  <\/td><\/tr><tr><td>\n\t\t\tEmplacement\n\t\t\tnu (standard +\/- 90m\u00b2)\n\t\t<\/td><td> <strong>10,00\u20ac <\/strong><\/td><td>  <strong>11,00\u20ac<\/strong>  <\/td><\/tr><tr><td>\n\t\t\tAdulte*\n\t\t<\/td><td> 7<strong>,00\u20ac<\/strong> <\/td><td> <strong>9,00\u20ac<\/strong>  <\/td><\/tr><tr><td>\n\t\t\tEnfant \u2013 de 12 ans\n\t\t\t(gratuit jusque 5 ans)\n\t\t<\/td><td>\n\t\t\t<strong>4,00\u20ac<\/strong>\n\t\t<\/td><td>  <strong>5,00\u20ac<\/strong>  <\/td><\/tr><tr><td>\n\t\t\tElectricit\u00e9 6 amp\u00e8res\n\t\t<\/td><td> <strong>5,50\u20ac<\/strong> <\/td><td>  <strong>5,50\u20ac<\/strong>  <\/td><\/tr><tr><td>\n\t\t\tElectricit\u00e9 10 amp\u00e8res\n\t\t<\/td><td> <strong>7,50\u20ac<\/strong> <\/td><td>  <strong>7,50\u20ac<\/strong>  <\/td><\/tr><tr><td>\n\t\t\tV\u00e9hicule\n\t\t<\/td><td>\n\t\t\t<strong>1,00\u20ac<\/strong>\n\t\t<\/td><td>  <strong>2,00\u20ac<\/strong>  <\/td><\/tr><tr><td>\n\t\t\tAnimaux (chien ou chat)\n\t\t<\/td><td>\n\t\t\tGratuit\n\t\t<\/td><td>  <strong>1,00\u20ac<\/strong>  <\/td><\/tr><tr><td> Forfait caravane, camping-car ou tente 1 nuit 2 pers eau + \u00e9lectricit\u00e9 6A                   <\/td><td> <strong>27,00\u20ac<\/strong> <\/td><td>  <strong>31,00\u20ac<\/strong>  <\/td><\/tr><tr><td><\/td><td><\/td><td><\/td><\/tr><\/tbody><\/table><\/figure>\n\n\n\n<p class=\"has-text-align-center has-small-font-size\"><strong>La journ\u00e9e de camping est compt\u00e9e de 12h \u00e0 12h et payable \u00e0 l\u2019arriv\u00e9e.<\/strong><\/p>\n\n\n\n<p class=\"has-text-align-center has-small-font-size\"><strong>-5% de r\u00e9duction sur pr\u00e9sentation d\u2019une carte partenaire ACSI,ANWB, FFCC,ADAC.<\/strong><\/p>\n\n\n\n<p class=\"has-text-align-center has-small-font-size\"><strong>Nouveau tour op\u00e9rateur&nbsp;: Pitchup.com&nbsp;<\/strong><strong>&#x1f609;<\/strong><\/p>\n\n\n\n<p><\/p>\n\n\n\n<h2 class=\"wp-block-heading\"><\/h2>\n\n\n\n<ul>\n<li><\/li>\n<\/ul>\n\n\n\n<p><\/p>\n\n\n\n<figure class=\"wp-block-table is-style-stripes\"><table><tbody><tr><td>Forfait cure 21jours, 6A, 1 personne*<\/td><td>370,00\u20ac<\/td><\/tr><tr><td>Forfait cure 21 jours, 6A, 2 personnes*<\/td><td>470,00\u20ac<\/td><\/tr><tr><td>Forfait mensuel 6A, 1 personne*<\/td><td>500,00\u20ac<\/td><\/tr><tr><td>Forfait mensuel 10A, 1 personne*<\/td><td>530,00\u20ac<\/td><\/tr><tr><td>Suppl\u00e9ment par personne*<\/td><td>140,00\u20ac<\/td><\/tr><tr><td><\/td><td><\/td><\/tr><tr><td>Forfait saison 2 personnes 6A 120 jours (parcelle standard)<\/td><td>1630,00\u20ac<\/td><\/tr><tr><td>Forfait saison 2 personnes 10A 120 jours (parcelle standard)<\/td><td>1780,00\u20ac<\/td><\/tr><tr><td>Forfait saison totale 2 personnes 10A<\/td><td>2780,00\u20ac<\/td><\/tr><tr><td>Pour les grandes parcelles, le forfait sera calcul\u00e9 au prorata de la superficie.<\/td><td><\/td><\/tr><tr><td>Suppl\u00e9ment adulte<\/td><td> 175,00\u20ac <\/td><\/tr><tr><td>Suppl\u00e9ment enfant (gratuit jusque 5 ans tarif jusque 10 ans)<\/td><td>110,00\u20ac<\/td><\/tr><tr><td>Suppl\u00e9ment second v\u00e9hicule<\/td><td>70,00\u20ac<\/td><\/tr><tr><td>Suppl\u00e9ment \u00e9nerg\u00e9tique si d\u00e9passement, le kilowatt\/heure<\/td><td>0,45\u20ac<\/td><\/tr><tr><td>Suppl\u00e9ment consommation eau, si d\u00e9passement, par m3<\/td><td>8,50\u20ac<\/td><\/tr><tr><td>Invit\u00e9 \u00e0 la journ\u00e9e<\/td><td>3,60\u20ac<\/td><\/tr><tr><td>Invit\u00e9 \u00e0 la nuit\u00e9e<\/td><td>6,20\u20ac<\/td><\/tr><tr><td><\/td><td><\/td><\/tr><tr><td>Prestation en espace vert, par heure<\/td><td>20,00\u20ac<\/td><\/tr><tr><td>Prestation\/R\u00e9paration sur r\u00e9seau eau, \u00e9lectricit\u00e9 ou gaz par heure<\/td><td>30,00\u20ac<\/td><\/tr><tr><td>Intervention major\u00e9e dimanche et jours f\u00e9ri\u00e9s<\/td><td>20,00\u20ac<\/td><\/tr><\/tbody><\/table><\/figure>\n\n\n\n<p class=\"has-text-align-center has-cyan-bluish-gray-color has-text-color has-small-font-size\">*\n hors Taxe\nde s\u00e9jour r\u00e9serv\u00e9e \u00e0 la ville&nbsp;: 0,31\u20ac par jour et par\npersonnes, pour les forfait saison 27,90\u20ac.<\/p>\n\n\n\n<p class=\"has-text-align-center has-cyan-bluish-gray-color has-text-color has-small-font-size\">(1)\n1<sup>er<\/sup>\njuillet au 31 ao\u00fbt<\/p>\n","protected":false},"excerpt":{"rendered":"<p>Tarification 2025 Basse Saison Haute saison (1) Emplacement nu (standard +\/- 90m\u00b2) 10,00\u20ac 11,00\u20ac Adulte* 7,00\u20ac 9,00\u20ac Enfant \u2013 de 12 ans (gratuit jusque 5 ans) 4,00\u20ac 5,00\u20ac Electricit\u00e9 6 amp\u00e8res 5,50\u20ac 5,50\u20ac Electricit\u00e9 10 amp\u00e8res 7,50\u20ac 7,50\u20ac V\u00e9hicule 1,00\u20ac 2,00\u20ac Animaux (chien ou chat) Gratuit 1,00\u20ac Forfait caravane, camping-car ou tente 1 nuit 2 [&hellip;]<\/p>\n","protected":false},"author":2,"featured_media":0,"parent":777,"menu_order":0,"comment_status":"closed","ping_status":"closed","template":"","meta":[],"_links":{"self":[{"href":"https:\/\/www.campingmontdesbruyeres.com\/index.php?rest_route=\/wp\/v2\/pages\/549"}],"collection":[{"href":"https:\/\/www.campingmontdesbruyeres.com\/index.php?rest_route=\/wp\/v2\/pages"}],"about":[{"href":"https:\/\/www.campingmontdesbruyeres.com\/index.php?rest_route=\/wp\/v2\/types\/page"}],"author":[{"embeddable":true,"href":"https:\/\/www.campingmontdesbruyeres.com\/index.php?rest_route=\/wp\/v2\/users\/2"}],"replies":[{"embeddable":true,"href":"https:\/\/www.campingmontdesbruyeres.com\/index.php?rest_route=%2Fwp%2Fv2%2Fcomments&post=549"}],"version-history":[{"count":44,"href":"https:\/\/www.campingmontdesbruyeres.com\/index.php?rest_route=\/wp\/v2\/pages\/549\/revisions"}],"predecessor-version":[{"id":1459,"href":"https:\/\/www.campingmontdesbruyeres.com\/index.php?rest_route=\/wp\/v2\/pages\/549\/revisions\/1459"}],"up":[{"embeddable":true,"href":"https:\/\/www.campingmontdesbruyeres.com\/index.php?rest_route=\/wp\/v2\/pages\/777"}],"wp:attachment":[{"href":"https:\/\/www.campingmontdesbruyeres.com\/index.php?rest_route=%2Fwp%2Fv2%2Fmedia&parent=549"}],"curies":[{"name":"wp","href":"https:\/\/api.w.org\/{rel}","templated":true}]}}