{"id":443,"date":"2019-04-23T11:24:44","date_gmt":"2019-04-23T11:24:44","guid":{"rendered":"http:\/\/www.campingmontdesbruyeres.com\/camping\/?page_id=443"},"modified":"2019-05-18T06:59:48","modified_gmt":"2019-05-18T06:59:48","slug":"tourisme","status":"publish","type":"page","link":"https:\/\/www.campingmontdesbruyeres.com\/?page_id=443","title":{"rendered":"TOURISME ET IDEES DE SORTIE"},"content":{"rendered":"\n<figure class=\"wp-block-image\"><img decoding=\"async\" loading=\"lazy\" width=\"1024\" height=\"178\" src=\"https:\/\/www.campingmontdesbruyeres.com\/camping\/wp-content\/uploads\/2018\/07\/wp-logo-1024x178.png\" alt=\"\" class=\"wp-image-84\"\/><\/figure>\n\n\n\n<blockquote style=\"text-align:center\" class=\"wp-block-quote is-style-large\"><p>D\u00e9couvrez Notre R\u00e9gion<\/p><\/blockquote>\n\n\n\n<p><a href=\"http:\/\/www.tourisme-porteduhainaut.com\/\" target=\"_blank\" rel=\"noreferrer noopener\" aria-label=\" (s\u2019ouvre dans un nouvel onglet)\">http:\/\/www.tourisme-porteduhainaut.com\/<\/a><\/p>\n\n\n\n<p> Toute l&rsquo;ann\u00e9e, information sur <strong>l&rsquo;h\u00e9bergement et la restauration <\/strong>sur La Porte du Hainaut .   organisation de <strong>visites guid\u00e9es patrimoniales et de<\/strong> <strong>randonn\u00e9es <\/strong> <\/p>\n\n\n\n<p><a href=\"https:\/\/www.jadorelenord.fr\/\" target=\"_blank\" rel=\"noreferrer noopener\" aria-label=\"https:\/\/www.jadorelenord.fr\/ (s\u2019ouvre dans un nouvel onglet)\">https:\/\/www.jadorelenord.fr\/<\/a><\/p>\n\n\n\n<p> Vous allez adorer le <em>Nord<\/em> ! Color\u00e9, riche, \u00e9mouvant, inspirant&#8230; Vivez de nouvelles exp\u00e9riences et mettez vos sens en \u00e9moi le temps d&rsquo;un week-end ou d&rsquo;un&nbsp;&#8230; <\/p>\n\n\n\n<p><a href=\"http:\/\/www.pnr-scarpe-escaut.fr\/\">www.pnr-scarpe-escaut.fr<\/a>  <\/p>\n\n\n\n<p>Le camping est situ\u00e9 au coeur du parc naturel r\u00e9gional Scarpe-Escaut (le 1er cr\u00e9\u00e9 en France)  et en bordure de 5000 hectares de f\u00f4ret (Raismes, Saint- Amand-les-Eaux,  Wallers) sur le site de l\u2019ancienne sabli\u00e8re, le camping du mont des  bruy\u00e8res est situ\u00e9 dans un cadre de verdure exceptionne <\/p>\n\n\n\n<p><a href=\"http:\/\/www.chainethermale.fr\/\">www.chainethermale.fr<\/a> <\/p>\n\n\n\n<p>Nombreux sont les curistes qui s\u00e9journent chez nous en raison de notre proximit\u00e9 des Thermes.<\/p>\n\n\n\n<p><a href=\"http:\/\/www.pureaventure.com\/\">www.pureaventure.com<\/a> <\/p>\n\n\n\n<p>Vous  \u00eates amateur de sensation forte et de nature, pure aventure vous  propose l\u2019accrobranche au c\u0153ur de la for\u00eat de Raismes \u00e0 seulement quelques minutes du camping. <\/p>\n\n\n\n<p><a href=\"http:\/\/www.chm-lewarde.com\/\">www.chm-lewarde.com<\/a> <\/p>\n\n\n\n<p>Le centre historique minier de Lewarde vous accueille de F\u00e9vrier \u00e0 D\u00e9cembre afin de vous faire d\u00e9couvrir ou red\u00e9couvrir la mine et ses corons. Seul ou en groupe vous appr\u00e9cierez la visite guid\u00e9e de ce lieu en dehors du temps.<\/p>\n\n\n\n<p> <\/p>\n\n\n\n<p><a rel=\"noreferrer noopener\" aria-label=\" (s\u2019ouvre dans un nouvel onglet)\" href=\"http:\/\/www.casinosaintamand.com\/\" target=\"_blank\">http:\/\/www.casinosaintamand.com\/<\/a><\/p>\n\n\n\n<p> Bienvenue au Pasino de Saint-Amand-les-Eaux. <\/p>\n\n\n\n<p>un complexe de loisirs enti\u00e8rement d\u00e9di\u00e9 aux jeux et aux divertissements.<\/p>\n\n\n\n<p>Concerts nationaux et internationaux, spectacles, restauration \u00e0 \nth\u00e8mes, soir\u00e9es lounge, conf\u00e9rences ou r\u00e9ceptions, h\u00f4tel quatre \n\u00e9toiles&#8230;&nbsp;<\/p>\n\n\n\n<p>Bien au-del\u00e0 des jeux de hasard, le Pasino invente une nouvelle fa\u00e7on de se divertir et de se r\u00e9unir.<\/p>\n","protected":false},"excerpt":{"rendered":"<p>D\u00e9couvrez Notre R\u00e9gion http:\/\/www.tourisme-porteduhainaut.com\/ Toute l&rsquo;ann\u00e9e, information sur l&rsquo;h\u00e9bergement et la restauration sur La Porte du Hainaut . organisation de visites guid\u00e9es patrimoniales et de randonn\u00e9es https:\/\/www.jadorelenord.fr\/ Vous allez adorer le Nord ! Color\u00e9, riche, \u00e9mouvant, inspirant&#8230; Vivez de nouvelles exp\u00e9riences et mettez vos sens en \u00e9moi le temps d&rsquo;un week-end ou d&rsquo;un&nbsp;&#8230; www.pnr-scarpe-escaut.fr Le [&hellip;]<\/p>\n","protected":false},"author":2,"featured_media":0,"parent":0,"menu_order":0,"comment_status":"closed","ping_status":"closed","template":"","meta":[],"_links":{"self":[{"href":"https:\/\/www.campingmontdesbruyeres.com\/index.php?rest_route=\/wp\/v2\/pages\/443"}],"collection":[{"href":"https:\/\/www.campingmontdesbruyeres.com\/index.php?rest_route=\/wp\/v2\/pages"}],"about":[{"href":"https:\/\/www.campingmontdesbruyeres.com\/index.php?rest_route=\/wp\/v2\/types\/page"}],"author":[{"embeddable":true,"href":"https:\/\/www.campingmontdesbruyeres.com\/index.php?rest_route=\/wp\/v2\/users\/2"}],"replies":[{"embeddable":true,"href":"https:\/\/www.campingmontdesbruyeres.com\/index.php?rest_route=%2Fwp%2Fv2%2Fcomments&post=443"}],"version-history":[{"count":15,"href":"https:\/\/www.campingmontdesbruyeres.com\/index.php?rest_route=\/wp\/v2\/pages\/443\/revisions"}],"predecessor-version":[{"id":827,"href":"https:\/\/www.campingmontdesbruyeres.com\/index.php?rest_route=\/wp\/v2\/pages\/443\/revisions\/827"}],"wp:attachment":[{"href":"https:\/\/www.campingmontdesbruyeres.com\/index.php?rest_route=%2Fwp%2Fv2%2Fmedia&parent=443"}],"curies":[{"name":"wp","href":"https:\/\/api.w.org\/{rel}","templated":true}]}}