{"id":432,"date":"2019-04-23T11:09:43","date_gmt":"2019-04-23T11:09:43","guid":{"rendered":"http:\/\/www.campingmontdesbruyeres.com\/camping\/?page_id=432"},"modified":"2019-05-18T07:10:17","modified_gmt":"2019-05-18T07:10:17","slug":"nous-situer","status":"publish","type":"page","link":"https:\/\/www.campingmontdesbruyeres.com\/?page_id=432","title":{"rendered":"Nous situer"},"content":{"rendered":"\n<figure class=\"wp-block-image\"><img decoding=\"async\" loading=\"lazy\" width=\"1024\" height=\"178\" src=\"https:\/\/www.campingmontdesbruyeres.com\/camping\/wp-content\/uploads\/2018\/07\/wp-logo-2-1024x178.png\" alt=\"\" class=\"wp-image-105\" srcset=\"https:\/\/www.campingmontdesbruyeres.com\/camping\/wp-content\/uploads\/2018\/07\/wp-logo-2-1024x178.png 1024w, https:\/\/www.campingmontdesbruyeres.com\/camping\/wp-content\/uploads\/2018\/07\/wp-logo-2-300x52.png 300w, https:\/\/www.campingmontdesbruyeres.com\/camping\/wp-content\/uploads\/2018\/07\/wp-logo-2-768x133.png 768w, https:\/\/www.campingmontdesbruyeres.com\/camping\/wp-content\/uploads\/2018\/07\/wp-logo-2.png 1038w\" sizes=\"(max-width: 1024px) 100vw, 1024px\" \/><\/figure>\n\n\n\n<p><\/p>\n\n\n\n<p style=\"text-align:center\" class=\"has-text-color has-background has-very-dark-gray-color has-very-light-gray-background-color\">Le confort 4 \u00e9toiles, au sein du parc r\u00e9gional Scarpe\/Escaut, dans un cadre forestier calme et accueillant, proche du centre de St Amand les eaux, proche des commerces, des thermes et du Pasino.  <\/p>\n\n\n\n<p style=\"background-color:#bb883e;text-align:center\" class=\"has-text-color has-background has-very-light-gray-color\"><strong>Le Camping le Mont des Bruy\u00e8res :<\/strong><\/p>\n\n\n\n<p style=\"text-align:center\">  806, rue Basly 59230 Saint-Amand-les-Eaux   <\/p>\n\n\n\n<p style=\"text-align:center\">T\u00e9l\u00e9phone : +33 (0)3 27 48 56 87  \\ +33 (0)6 68 15 24 05  <\/p>\n\n\n\n<hr class=\"wp-block-separator\"\/>\n\n\n\n<hr class=\"wp-block-separator\"\/>\n\n\n\n<center><iframe loading=\"lazy\" src=\"https:\/\/www.google.com\/maps\/embed?pb=!1m18!1m12!1m3!1d40663.136547760456!2d3.3889152421395248!3d50.4327920949466!2m3!1f0!2f0!3f0!3m2!1i1024!2i768!4f13.1!3m3!1m2!1s0x47c2e88e0c0efc0f%3A0x9d44d43e8c5f1da8!2sCamping+Mont+Des+Bruyeres!5e0!3m2!1sfr!2sfr!4v1556017391438!5m2!1sfr!2sfr\" style=\"border:0\" allowfullscreen=\"\" width=\"600\" height=\"450\" frameborder=\"0\"><\/iframe><\/center>\n\n\n\n<p><\/p>\n\n\n\n<p>             <\/p>\n\n\n\n<p><\/p>\n","protected":false},"excerpt":{"rendered":"<p>Le confort 4 \u00e9toiles, au sein du parc r\u00e9gional Scarpe\/Escaut, dans un cadre forestier calme et accueillant, proche du centre de St Amand les eaux, proche des commerces, des thermes et du Pasino. Le Camping le Mont des Bruy\u00e8res : 806, rue Basly 59230 Saint-Amand-les-Eaux T\u00e9l\u00e9phone : +33 (0)3 27 48 56 87 \\ +33 [&hellip;]<\/p>\n","protected":false},"author":2,"featured_media":0,"parent":0,"menu_order":0,"comment_status":"closed","ping_status":"closed","template":"","meta":[],"_links":{"self":[{"href":"https:\/\/www.campingmontdesbruyeres.com\/index.php?rest_route=\/wp\/v2\/pages\/432"}],"collection":[{"href":"https:\/\/www.campingmontdesbruyeres.com\/index.php?rest_route=\/wp\/v2\/pages"}],"about":[{"href":"https:\/\/www.campingmontdesbruyeres.com\/index.php?rest_route=\/wp\/v2\/types\/page"}],"author":[{"embeddable":true,"href":"https:\/\/www.campingmontdesbruyeres.com\/index.php?rest_route=\/wp\/v2\/users\/2"}],"replies":[{"embeddable":true,"href":"https:\/\/www.campingmontdesbruyeres.com\/index.php?rest_route=%2Fwp%2Fv2%2Fcomments&post=432"}],"version-history":[{"count":24,"href":"https:\/\/www.campingmontdesbruyeres.com\/index.php?rest_route=\/wp\/v2\/pages\/432\/revisions"}],"predecessor-version":[{"id":833,"href":"https:\/\/www.campingmontdesbruyeres.com\/index.php?rest_route=\/wp\/v2\/pages\/432\/revisions\/833"}],"wp:attachment":[{"href":"https:\/\/www.campingmontdesbruyeres.com\/index.php?rest_route=%2Fwp%2Fv2%2Fmedia&parent=432"}],"curies":[{"name":"wp","href":"https:\/\/api.w.org\/{rel}","templated":true}]}}