{"id":129,"date":"2019-04-07T16:48:58","date_gmt":"2019-04-07T16:48:58","guid":{"rendered":"http:\/\/www.campingmontdesbruyeres.com\/camping\/?page_id=129"},"modified":"2022-12-05T10:27:12","modified_gmt":"2022-12-05T10:27:12","slug":"contact","status":"publish","type":"page","link":"https:\/\/www.campingmontdesbruyeres.com\/?page_id=129","title":{"rendered":"Contact"},"content":{"rendered":"\n<figure class=\"wp-block-image\"><img decoding=\"async\" loading=\"lazy\" width=\"1024\" height=\"178\" src=\"https:\/\/www.campingmontdesbruyeres.com\/camping\/wp-content\/uploads\/2018\/07\/wp-logo-1024x178.png\" alt=\"\" class=\"wp-image-84\"\/><\/figure>\n\n\n\n<h3 class=\"has-text-align-center wp-block-heading\"><\/h3>\n\n\n\n\n\n<div class=\"wp-block-media-text alignwide has-media-on-the-right is-stacked-on-mobile\"><figure class=\"wp-block-media-text__media\"><img decoding=\"async\" loading=\"lazy\" width=\"1024\" height=\"768\" src=\"https:\/\/www.campingmontdesbruyeres.com\/camping\/wp-content\/uploads\/1-photo-page-daccueil-1-1024x768.jpg\" alt=\"\" class=\"wp-image-1265 size-full\" srcset=\"https:\/\/www.campingmontdesbruyeres.com\/camping\/wp-content\/uploads\/1-photo-page-daccueil-1-1024x768.jpg 1024w, https:\/\/www.campingmontdesbruyeres.com\/camping\/wp-content\/uploads\/1-photo-page-daccueil-1-300x225.jpg 300w, https:\/\/www.campingmontdesbruyeres.com\/camping\/wp-content\/uploads\/1-photo-page-daccueil-1-768x576.jpg 768w, https:\/\/www.campingmontdesbruyeres.com\/camping\/wp-content\/uploads\/1-photo-page-daccueil-1.jpg 1080w\" sizes=\"(max-width: 1024px) 100vw, 1024px\" \/><\/figure><div class=\"wp-block-media-text__content\">\n<h3 class=\"wp-block-heading\"><\/h3>\n\n\n\n<p><br><\/p>\n\n\n\n<p><\/p>\n\n\n\n<p><\/p>\n\n\n\n<p><\/p>\n\n\n\n<p><\/p>\n\n\n\n<div class=\"wpcf7 no-js\" id=\"wpcf7-f128-o1\" lang=\"fr-FR\" dir=\"ltr\">\n<div class=\"screen-reader-response\"><p role=\"status\" aria-live=\"polite\" aria-atomic=\"true\"><\/p> <ul><\/ul><\/div>\n<form action=\"\/index.php?rest_route=%2Fwp%2Fv2%2Fpages%2F129#wpcf7-f128-o1\" method=\"post\" class=\"wpcf7-form init wpcf7-acceptance-as-validation\" aria-label=\"Formulaire de contact\" novalidate=\"novalidate\" data-status=\"init\">\n<div style=\"display: none;\">\n<input type=\"hidden\" name=\"_wpcf7\" value=\"128\" \/>\n<input type=\"hidden\" name=\"_wpcf7_version\" value=\"5.7.6\" \/>\n<input type=\"hidden\" name=\"_wpcf7_locale\" value=\"fr_FR\" \/>\n<input type=\"hidden\" name=\"_wpcf7_unit_tag\" value=\"wpcf7-f128-o1\" \/>\n<input type=\"hidden\" name=\"_wpcf7_container_post\" value=\"0\" \/>\n<input type=\"hidden\" name=\"_wpcf7_posted_data_hash\" value=\"\" \/>\n<\/div>\n<p><label> Votre nom (obligatoire)<br \/>\n<span class=\"wpcf7-form-control-wrap\" data-name=\"your-name\"><input size=\"40\" class=\"wpcf7-form-control wpcf7-text wpcf7-validates-as-required\" aria-required=\"true\" aria-invalid=\"false\" value=\"\" type=\"text\" name=\"your-name\" \/><\/span> <\/label>\n<\/p>\n<p><label> Votre adresse de messagerie (obligatoire)<br \/>\n<span class=\"wpcf7-form-control-wrap\" data-name=\"your-email\"><input size=\"40\" class=\"wpcf7-form-control wpcf7-text wpcf7-email wpcf7-validates-as-required wpcf7-validates-as-email\" aria-required=\"true\" aria-invalid=\"false\" value=\"\" type=\"email\" name=\"your-email\" \/><\/span> <\/label>\n<\/p>\n<p><label> Objet<br \/>\n<span class=\"wpcf7-form-control-wrap\" data-name=\"your-subject\"><input size=\"40\" class=\"wpcf7-form-control wpcf7-text\" aria-invalid=\"false\" value=\"\" type=\"text\" name=\"your-subject\" \/><\/span> <\/label>\n<\/p>\n<p><label> Votre message<br \/>\n<span class=\"wpcf7-form-control-wrap\" data-name=\"your-message\"><textarea cols=\"40\" rows=\"10\" class=\"wpcf7-form-control wpcf7-textarea\" aria-invalid=\"false\" name=\"your-message\"><\/textarea><\/span> <\/label>\n<\/p>\n<p><label><span class=\"wpcf7-form-control-wrap\" data-name=\"checkbox-553\"><span class=\"wpcf7-form-control wpcf7-checkbox wpcf7-validates-as-required\"><span class=\"wpcf7-list-item first last\"><label><span class=\"wpcf7-list-item-label\">En soumettant ce formulaire, j&#039;accepte que les informations saisies soient exploit\u00e9es pour permettre de me recontacter et pour assurer la relation commerciale qui d\u00e9coulerait de ce contact.*<\/span><input type=\"checkbox\" name=\"checkbox-553[]\" value=\"En soumettant ce formulaire, j&#039;accepte que les informations saisies soient exploit\u00e9es pour permettre de me recontacter et pour assurer la relation commerciale qui d\u00e9coulerait de ce contact.*\" \/><\/label><\/span><\/span><\/span><br \/>\n<input class=\"wpcf7-form-control has-spinner wpcf7-submit\" type=\"submit\" value=\"Envoyer\" \/><\/label>\n<\/p><p style=\"display: none !important;\" class=\"akismet-fields-container\" data-prefix=\"_wpcf7_ak_\"><label>&#916;<textarea name=\"_wpcf7_ak_hp_textarea\" cols=\"45\" rows=\"8\" maxlength=\"100\"><\/textarea><\/label><input type=\"hidden\" id=\"ak_js_1\" name=\"_wpcf7_ak_js\" value=\"127\"\/><script>document.getElementById( \"ak_js_1\" ).setAttribute( \"value\", ( new Date() ).getTime() );<\/script><\/p><div class=\"wpcf7-response-output\" aria-hidden=\"true\"><\/div>\n<\/form>\n<\/div>\n\n<\/div><\/div>\n\n\n\n<p class=\"has-text-align-right has-small-font-size\">Veuillez consulter notre <a href=\"http:\/\/www.campingmontdesbruyeres.com\/?page_id=834\">politique de confidentialit\u00e9<\/a> relative \u00e0 la protection de vos donn\u00e9es personnelles r\u00e9colt\u00e9es par l\u2019interm\u00e9diaire de ce site internet.<\/p>\n","protected":false},"excerpt":{"rendered":"<p>Veuillez consulter notre politique de confidentialit\u00e9 relative \u00e0 la protection de vos donn\u00e9es personnelles r\u00e9colt\u00e9es par l\u2019interm\u00e9diaire de ce site internet.<\/p>\n","protected":false},"author":2,"featured_media":0,"parent":0,"menu_order":0,"comment_status":"closed","ping_status":"closed","template":"","meta":[],"_links":{"self":[{"href":"https:\/\/www.campingmontdesbruyeres.com\/index.php?rest_route=\/wp\/v2\/pages\/129"}],"collection":[{"href":"https:\/\/www.campingmontdesbruyeres.com\/index.php?rest_route=\/wp\/v2\/pages"}],"about":[{"href":"https:\/\/www.campingmontdesbruyeres.com\/index.php?rest_route=\/wp\/v2\/types\/page"}],"author":[{"embeddable":true,"href":"https:\/\/www.campingmontdesbruyeres.com\/index.php?rest_route=\/wp\/v2\/users\/2"}],"replies":[{"embeddable":true,"href":"https:\/\/www.campingmontdesbruyeres.com\/index.php?rest_route=%2Fwp%2Fv2%2Fcomments&post=129"}],"version-history":[{"count":16,"href":"https:\/\/www.campingmontdesbruyeres.com\/index.php?rest_route=\/wp\/v2\/pages\/129\/revisions"}],"predecessor-version":[{"id":1266,"href":"https:\/\/www.campingmontdesbruyeres.com\/index.php?rest_route=\/wp\/v2\/pages\/129\/revisions\/1266"}],"wp:attachment":[{"href":"https:\/\/www.campingmontdesbruyeres.com\/index.php?rest_route=%2Fwp%2Fv2%2Fmedia&parent=129"}],"curies":[{"name":"wp","href":"https:\/\/api.w.org\/{rel}","templated":true}]}}