{"id":1185,"date":"2022-03-21T08:10:53","date_gmt":"2022-03-21T08:10:53","guid":{"rendered":"https:\/\/www.campingmontdesbruyeres.com\/?page_id=1185"},"modified":"2024-12-18T18:35:38","modified_gmt":"2024-12-18T18:35:38","slug":"aire-de-stationnement-camping-car-caravane","status":"publish","type":"page","link":"https:\/\/www.campingmontdesbruyeres.com\/?page_id=1185","title":{"rendered":"Aire de stationnement camping car \/ caravane"},"content":{"rendered":"\n<figure class=\"wp-block-image size-full\"><img decoding=\"async\" loading=\"lazy\" width=\"1024\" height=\"161\" src=\"https:\/\/www.campingmontdesbruyeres.com\/camping\/wp-content\/uploads\/image-1.png\" alt=\"\" class=\"wp-image-1189\" srcset=\"https:\/\/www.campingmontdesbruyeres.com\/camping\/wp-content\/uploads\/image-1.png 1024w, https:\/\/www.campingmontdesbruyeres.com\/camping\/wp-content\/uploads\/image-1-300x47.png 300w, https:\/\/www.campingmontdesbruyeres.com\/camping\/wp-content\/uploads\/image-1-768x121.png 768w\" sizes=\"(max-width: 1024px) 100vw, 1024px\" \/><\/figure>\n\n\n\n<h3 class=\"wp-block-heading has-text-align-center\"><strong>Journ\u00e9e de camping de 12h \u00e0 12h.<\/strong><\/h3>\n\n\n\n<figure class=\"wp-block-table is-style-stripes\"><table><tbody><tr><td><br><\/td><td>Basse Saison<\/td><td>Haute saison *<\/td><\/tr><tr><td>1 nuit 1 personne sans \u00e9lectricit\u00e9<\/td><td>13,00\u20ac<\/td><td>15,00\u20ac<\/td><\/tr><tr><td>1 nuit 2 personnes sans \u00e9lectricit\u00e9<\/td><td>17,00\u20ac<\/td><td>19,00\u20ac<\/td><\/tr><tr><td>Electricit\u00e9 2,5 amp\u00e8res<\/td><td>3\u20ac<\/td><td>3\u20ac<\/td><\/tr><tr><td>Personne suppl\u00e9mentaire<\/td><td>5,00\u20ac<\/td><td>6,00\u20ac<\/td><\/tr><tr><td>Enfant (-10 ans)<\/td><td>2,50\u20ac<\/td><td>3,50\u20ac<\/td><\/tr><tr><td>Chien, chat<\/td><td>Gratuit<\/td><td>Gratuit<\/td><\/tr><\/tbody><\/table><\/figure>\n\n\n\n<p class=\"has-text-align-center has-vivid-red-color has-text-color\"><strong>(Pas de r\u00e9duction carte camping sur cette tarification)<\/strong><\/p>\n\n\n\n<h4 class=\"wp-block-heading has-text-align-center\">Services inclus dans le prix de la nuit\u00e9e<\/h4>\n\n\n\n<p>Prix hors taxe de s\u00e9jour&nbsp;: 0,31\u20ac par jour et par personne.<\/p>\n\n\n\n<h3 class=\"wp-block-heading has-text-align-center\"><strong>Services sans nuit\u00e9e (vidanges eaux us\u00e9es + WC + plein d\u2019eau)<\/strong><\/h3>\n\n\n\n<h4 class=\"wp-block-heading has-text-align-center has-vivid-red-color has-text-color\">5,00\u20ac<\/h4>\n\n\n\n<h4 class=\"wp-block-heading\">ACC\u00c8S JUSQUE 22H                          * 15\/06 au 07\/09<\/h4>\n","protected":false},"excerpt":{"rendered":"<p>Journ\u00e9e de camping de 12h \u00e0 12h. Basse Saison Haute saison * 1 nuit 1 personne sans \u00e9lectricit\u00e9 13,00\u20ac 15,00\u20ac 1 nuit 2 personnes sans \u00e9lectricit\u00e9 17,00\u20ac 19,00\u20ac Electricit\u00e9 2,5 amp\u00e8res 3\u20ac 3\u20ac Personne suppl\u00e9mentaire 5,00\u20ac 6,00\u20ac Enfant (-10 ans) 2,50\u20ac 3,50\u20ac Chien, chat Gratuit Gratuit (Pas de r\u00e9duction carte camping sur cette tarification) Services [&hellip;]<\/p>\n","protected":false},"author":2,"featured_media":0,"parent":0,"menu_order":0,"comment_status":"closed","ping_status":"closed","template":"fullwidth-template.php","meta":[],"_links":{"self":[{"href":"https:\/\/www.campingmontdesbruyeres.com\/index.php?rest_route=\/wp\/v2\/pages\/1185"}],"collection":[{"href":"https:\/\/www.campingmontdesbruyeres.com\/index.php?rest_route=\/wp\/v2\/pages"}],"about":[{"href":"https:\/\/www.campingmontdesbruyeres.com\/index.php?rest_route=\/wp\/v2\/types\/page"}],"author":[{"embeddable":true,"href":"https:\/\/www.campingmontdesbruyeres.com\/index.php?rest_route=\/wp\/v2\/users\/2"}],"replies":[{"embeddable":true,"href":"https:\/\/www.campingmontdesbruyeres.com\/index.php?rest_route=%2Fwp%2Fv2%2Fcomments&post=1185"}],"version-history":[{"count":8,"href":"https:\/\/www.campingmontdesbruyeres.com\/index.php?rest_route=\/wp\/v2\/pages\/1185\/revisions"}],"predecessor-version":[{"id":1430,"href":"https:\/\/www.campingmontdesbruyeres.com\/index.php?rest_route=\/wp\/v2\/pages\/1185\/revisions\/1430"}],"wp:attachment":[{"href":"https:\/\/www.campingmontdesbruyeres.com\/index.php?rest_route=%2Fwp%2Fv2%2Fmedia&parent=1185"}],"curies":[{"name":"wp","href":"https:\/\/api.w.org\/{rel}","templated":true}]}}