{"id":1139,"date":"2021-07-28T17:38:03","date_gmt":"2021-07-28T17:38:03","guid":{"rendered":"https:\/\/www.campingmontdesbruyeres.com\/?page_id=1139"},"modified":"2021-08-02T10:09:07","modified_gmt":"2021-08-02T10:09:07","slug":"pass-sanitaire","status":"publish","type":"page","link":"https:\/\/www.campingmontdesbruyeres.com\/?page_id=1139","title":{"rendered":"Pass Sanitaire"},"content":{"rendered":"\n<p class=\"has-text-align-center has-large-font-size\"><strong>PASS SANITAIRE <\/strong><strong>OBLIGATOIRE<\/strong><\/p>\n\n\n\n<p class=\"has-text-align-center\"><strong>Mise en application entre le 7 et le 10 ao\u00fbt 2021 pour acc\u00e9der aux \u00e9quipements du Camping&nbsp;: Bar, Epicerie, Sanitaires, Salle campeurs, Aires de Jeux &amp; Piscine<\/strong><\/p>\n\n\n\n<div class=\"wp-block-image\"><figure class=\"aligncenter size-large\"><img decoding=\"async\" loading=\"lazy\" width=\"720\" height=\"1018\" src=\"https:\/\/www.campingmontdesbruyeres.com\/camping\/wp-content\/uploads\/image.png\" alt=\"\" class=\"wp-image-1140\" srcset=\"https:\/\/www.campingmontdesbruyeres.com\/camping\/wp-content\/uploads\/image.png 720w, https:\/\/www.campingmontdesbruyeres.com\/camping\/wp-content\/uploads\/image-212x300.png 212w\" sizes=\"(max-width: 720px) 100vw, 720px\" \/><\/figure><\/div>\n\n\n\n<p class=\"has-text-align-center\"><strong>Qu&rsquo;est-ce que le \u00ab pass sanitaire \u00bb ?<\/strong><\/p>\n\n\n\n<p>Le \u00ab pass sanitaire \u00bb consiste en la pr\u00e9sentation, num\u00e9rique (via l&rsquo;application TousAntiCovid) ou papier, d&rsquo;une preuve sanitaire, parmi les trois suivantes :<br><br><strong>1. La vaccination, \u00e0 la condition que les personnes disposent d&rsquo;un sch\u00e9ma vaccinal complet et du d\u00e9lai n\u00e9cessaire apr\u00e8s l\u2019injection finale<\/strong>, soit :<\/p>\n\n\n\n<ul><li>7 jours apr\u00e8s la 2e injection pour les vaccins \u00e0 double injection (Pfizer, Moderna, AstraZeneca).<\/li><li>4 semaines apr\u00e8s l&rsquo;injection pour les vaccins avec une seule injection (Johnson &amp; Johnson)<\/li><li>7 jours apr\u00e8s l&rsquo;injection pour les vaccins chez les personnes ayant eu un ant\u00e9c\u00e9dent de Covid (1 seule injection).<\/li><\/ul>\n\n\n\n<p class=\"has-text-align-center\"><a href=\"https:\/\/attestation-vaccin.ameli.fr\/\"><u><strong>R\u00e9cup\u00e9rer mon attestation de vaccination certifi\u00e9e<\/strong><\/u><\/a><br><br>Depuis le 27 mai, toutes les personnes vaccin\u00e9es, peuvent r\u00e9cup\u00e9rer leur attestation de vaccination sur le t\u00e9l\u00e9service de l\u2019Assurance Maladie https:\/\/attestation-vaccin.ameli.fr . Par ailleurs, n\u2019importe quel professionnel de sant\u00e9 peut retrouver une attestation de vaccination et l\u2019imprimer si une personne le demande.<br><br><strong>2. La preuve d&rsquo;un test n\u00e9gatif de moins de 48h pour le \u00ab pass sanitaire activit\u00e9s \u00bb pour l\u2019acc\u00e8s aux grands \u00e9v\u00e9nements concern\u00e9s et maximum 72h pour le contr\u00f4le sanitaire \u00ab voyages \u00bb.<\/strong><\/p>\n\n\n\n<p class=\"has-text-align-center\"><br>Tous les tests RT-PCR et antig\u00e9niques g\u00e9n\u00e8rent une preuve d\u00e8s la saisie du r\u00e9sultat par le professionnel de sant\u00e9 dans SI-DEP, qui peut \u00eatre imprim\u00e9e en direct et qui est \u00e9galement mise \u00e0 disposition du patient via un mail et un SMS pour aller la r\u00e9cup\u00e9rer sur le portail SI-DEP (<a href=\"http:\/\/htpps\/sidep.gouv.fr\"><u><strong>htpps:\/\/sidep.gouv.fr<\/strong><\/u><\/a>). Sur TousAntiCovid, l\u2019importation de la preuve dans l\u2019application est \u00e0 la main du patient.<br><br>Les d\u00e9lais en vigueur pour la validit\u00e9 des tests (48h ou 72h selon les cas) sont stricts au moment de l&rsquo;entr\u00e9e sur le site de l&rsquo;\u00e9v\u00e9nement ou de l\u2019embarquement (pas de flexibilit\u00e9 \u00e0 2 ou 3 jours).<br>&nbsp;<br><strong>3. Le r\u00e9sultat d&rsquo;un test RT-PCR positif attestant du r\u00e9tablissement de la Covid-19, datant d&rsquo;au moins 11 jours et de moins de 6 mois.<\/strong><br>Les tests positifs RT-PCR de plus de 11 jours et moins de 6 mois (pris en compte \u00e0 date) permettent d\u2019indiquer un risque limit\u00e9 de r\u00e9infection \u00e0 la Covid-19.<\/p>\n\n\n\n<p><strong>\u00c0 l&rsquo;initiative des d\u00e9put\u00e9s, un d\u00e9lai suppl\u00e9mentaire a \u00e9t\u00e9 accord\u00e9 <\/strong><strong>aux<\/strong>&nbsp;enfants de 12 \u00e0 17 ans<strong>, pour qui le pass ne sera obligatoire qu&rsquo;\u00e0 partir du&nbsp;<\/strong>30 septembre 2021.<\/p>\n","protected":false},"excerpt":{"rendered":"<p>PASS SANITAIRE OBLIGATOIRE Mise en application entre le 7 et le 10 ao\u00fbt 2021 pour acc\u00e9der aux \u00e9quipements du Camping&nbsp;: Bar, Epicerie, Sanitaires, Salle campeurs, Aires de Jeux &amp; Piscine Qu&rsquo;est-ce que le \u00ab pass sanitaire \u00bb ? Le \u00ab pass sanitaire \u00bb consiste en la pr\u00e9sentation, num\u00e9rique (via l&rsquo;application TousAntiCovid) ou papier, d&rsquo;une preuve [&hellip;]<\/p>\n","protected":false},"author":2,"featured_media":0,"parent":0,"menu_order":0,"comment_status":"closed","ping_status":"closed","template":"fullwidth-template.php","meta":[],"_links":{"self":[{"href":"https:\/\/www.campingmontdesbruyeres.com\/index.php?rest_route=\/wp\/v2\/pages\/1139"}],"collection":[{"href":"https:\/\/www.campingmontdesbruyeres.com\/index.php?rest_route=\/wp\/v2\/pages"}],"about":[{"href":"https:\/\/www.campingmontdesbruyeres.com\/index.php?rest_route=\/wp\/v2\/types\/page"}],"author":[{"embeddable":true,"href":"https:\/\/www.campingmontdesbruyeres.com\/index.php?rest_route=\/wp\/v2\/users\/2"}],"replies":[{"embeddable":true,"href":"https:\/\/www.campingmontdesbruyeres.com\/index.php?rest_route=%2Fwp%2Fv2%2Fcomments&post=1139"}],"version-history":[{"count":6,"href":"https:\/\/www.campingmontdesbruyeres.com\/index.php?rest_route=\/wp\/v2\/pages\/1139\/revisions"}],"predecessor-version":[{"id":1176,"href":"https:\/\/www.campingmontdesbruyeres.com\/index.php?rest_route=\/wp\/v2\/pages\/1139\/revisions\/1176"}],"wp:attachment":[{"href":"https:\/\/www.campingmontdesbruyeres.com\/index.php?rest_route=%2Fwp%2Fv2%2Fmedia&parent=1139"}],"curies":[{"name":"wp","href":"https:\/\/api.w.org\/{rel}","templated":true}]}}