{"id":1048,"date":"2021-03-29T06:56:41","date_gmt":"2021-03-29T06:56:41","guid":{"rendered":"https:\/\/www.campingmontdesbruyeres.com\/?page_id=1048"},"modified":"2022-11-30T14:52:47","modified_gmt":"2022-11-30T14:52:47","slug":"le-bar-et-lepicerie","status":"publish","type":"page","link":"https:\/\/www.campingmontdesbruyeres.com\/?page_id=1048","title":{"rendered":"Le Bar et L&rsquo;\u00e9picerie"},"content":{"rendered":"\n<figure class=\"wp-block-image size-large\"><img decoding=\"async\" loading=\"lazy\" width=\"1024\" height=\"178\" src=\"https:\/\/www.campingmontdesbruyeres.com\/camping\/wp-content\/uploads\/wp-logo-1024x178-1.png\" alt=\"\" class=\"wp-image-1067\" srcset=\"https:\/\/www.campingmontdesbruyeres.com\/camping\/wp-content\/uploads\/wp-logo-1024x178-1.png 1024w, https:\/\/www.campingmontdesbruyeres.com\/camping\/wp-content\/uploads\/wp-logo-1024x178-1-300x52.png 300w, https:\/\/www.campingmontdesbruyeres.com\/camping\/wp-content\/uploads\/wp-logo-1024x178-1-768x134.png 768w\" sizes=\"(max-width: 1024px) 100vw, 1024px\" \/><\/figure>\n\n\n\n<p class=\"has-text-align-center has-black-color has-text-color\"><em>Le bar et l&rsquo;\u00e9picerie sont ouvert du 15\/03 au 31\/10.<br>La r\u00f4tisserie (le dimanche midi) et la restauration rapide (le vendredi soir) sont propos\u00e9es du 26\/05 au 15\/09.<\/em><\/p>\n\n\n\n<p class=\"has-text-align-center has-black-color has-text-color\">Il est possible de commander du pain en livraison pour le lendemain.<\/p>\n\n\n\n<p class=\"has-text-align-center has-black-color has-text-color\">L&rsquo;\u00e9picerie vous propose une large gamme de produit de premi\u00e8re n\u00e9cessit\u00e9 \u00e0 prix r\u00e9duit ainsi que des bouteilles de gaz propane.<br>Vous trouverez \u00e9galement \u00e0 l&rsquo;arri\u00e8re, un espace p\u00e9tanque, un \u00e9chiquier g\u00e9ant et une terrasse.<br>Acc\u00e8s PMR.<\/p>\n\n\n\n<figure class=\"wp-block-gallery has-nested-images columns-default is-cropped wp-block-gallery-1 is-layout-flex\">\n<figure class=\"wp-block-image size-large\"><img decoding=\"async\" loading=\"lazy\" width=\"960\" height=\"720\" data-id=\"1050\"  src=\"https:\/\/www.campingmontdesbruyeres.com\/camping\/wp-content\/uploads\/PHOTO-BAR-2.jpg\" alt=\"\" class=\"wp-image-1050\" srcset=\"https:\/\/www.campingmontdesbruyeres.com\/camping\/wp-content\/uploads\/PHOTO-BAR-2.jpg 960w, https:\/\/www.campingmontdesbruyeres.com\/camping\/wp-content\/uploads\/PHOTO-BAR-2-300x225.jpg 300w, https:\/\/www.campingmontdesbruyeres.com\/camping\/wp-content\/uploads\/PHOTO-BAR-2-768x576.jpg 768w\" sizes=\"(max-width: 960px) 100vw, 960px\" \/><\/figure>\n\n\n\n<figure class=\"wp-block-image size-large\"><img decoding=\"async\" loading=\"lazy\" width=\"904\" height=\"523\" data-id=\"1051\"  src=\"https:\/\/www.campingmontdesbruyeres.com\/camping\/wp-content\/uploads\/PHOTO-BAR-3.jpg\" alt=\"\" class=\"wp-image-1051\" srcset=\"https:\/\/www.campingmontdesbruyeres.com\/camping\/wp-content\/uploads\/PHOTO-BAR-3.jpg 904w, https:\/\/www.campingmontdesbruyeres.com\/camping\/wp-content\/uploads\/PHOTO-BAR-3-300x174.jpg 300w, https:\/\/www.campingmontdesbruyeres.com\/camping\/wp-content\/uploads\/PHOTO-BAR-3-768x444.jpg 768w\" sizes=\"(max-width: 904px) 100vw, 904px\" \/><\/figure>\n\n\n\n<figure class=\"wp-block-image size-large\"><img decoding=\"async\" loading=\"lazy\" width=\"1024\" height=\"498\" data-id=\"1049\"  src=\"https:\/\/www.campingmontdesbruyeres.com\/camping\/wp-content\/uploads\/PHOTO-BAR-1-1024x498.jpg\" alt=\"\" class=\"wp-image-1049\" srcset=\"https:\/\/www.campingmontdesbruyeres.com\/camping\/wp-content\/uploads\/PHOTO-BAR-1-1024x498.jpg 1024w, https:\/\/www.campingmontdesbruyeres.com\/camping\/wp-content\/uploads\/PHOTO-BAR-1-300x146.jpg 300w, https:\/\/www.campingmontdesbruyeres.com\/camping\/wp-content\/uploads\/PHOTO-BAR-1-768x373.jpg 768w, https:\/\/www.campingmontdesbruyeres.com\/camping\/wp-content\/uploads\/PHOTO-BAR-1.jpg 1074w\" sizes=\"(max-width: 1024px) 100vw, 1024px\" \/><\/figure>\n\n\n\n<figure class=\"wp-block-image size-large\"><img decoding=\"async\" loading=\"lazy\" width=\"960\" height=\"720\" data-id=\"1052\"  src=\"https:\/\/www.campingmontdesbruyeres.com\/camping\/wp-content\/uploads\/PHOTO-BAR-4.jpg\" alt=\"\" class=\"wp-image-1052\" srcset=\"https:\/\/www.campingmontdesbruyeres.com\/camping\/wp-content\/uploads\/PHOTO-BAR-4.jpg 960w, https:\/\/www.campingmontdesbruyeres.com\/camping\/wp-content\/uploads\/PHOTO-BAR-4-300x225.jpg 300w, https:\/\/www.campingmontdesbruyeres.com\/camping\/wp-content\/uploads\/PHOTO-BAR-4-768x576.jpg 768w\" sizes=\"(max-width: 960px) 100vw, 960px\" \/><\/figure>\n\n\n\n<figure class=\"wp-block-image size-large\"><img decoding=\"async\" loading=\"lazy\" width=\"1024\" height=\"500\" data-id=\"1059\"  src=\"https:\/\/www.campingmontdesbruyeres.com\/camping\/wp-content\/uploads\/PHOTO-BAR-11-1024x500.jpg\" alt=\"\" class=\"wp-image-1059\" srcset=\"https:\/\/www.campingmontdesbruyeres.com\/camping\/wp-content\/uploads\/PHOTO-BAR-11-1024x500.jpg 1024w, https:\/\/www.campingmontdesbruyeres.com\/camping\/wp-content\/uploads\/PHOTO-BAR-11-300x146.jpg 300w, https:\/\/www.campingmontdesbruyeres.com\/camping\/wp-content\/uploads\/PHOTO-BAR-11-768x375.jpg 768w, https:\/\/www.campingmontdesbruyeres.com\/camping\/wp-content\/uploads\/PHOTO-BAR-11.jpg 1080w\" sizes=\"(max-width: 1024px) 100vw, 1024px\" \/><\/figure>\n\n\n\n<figure class=\"wp-block-image size-large\"><img decoding=\"async\" loading=\"lazy\" width=\"1024\" height=\"512\" data-id=\"1053\"  src=\"https:\/\/www.campingmontdesbruyeres.com\/camping\/wp-content\/uploads\/PHOTO-BAR-5-1024x512.jpg\" alt=\"\" class=\"wp-image-1053\" srcset=\"https:\/\/www.campingmontdesbruyeres.com\/camping\/wp-content\/uploads\/PHOTO-BAR-5-1024x512.jpg 1024w, https:\/\/www.campingmontdesbruyeres.com\/camping\/wp-content\/uploads\/PHOTO-BAR-5-300x150.jpg 300w, https:\/\/www.campingmontdesbruyeres.com\/camping\/wp-content\/uploads\/PHOTO-BAR-5-768x384.jpg 768w, https:\/\/www.campingmontdesbruyeres.com\/camping\/wp-content\/uploads\/PHOTO-BAR-5.jpg 1065w\" sizes=\"(max-width: 1024px) 100vw, 1024px\" \/><\/figure>\n\n\n\n<figure class=\"wp-block-image size-large\"><img decoding=\"async\" loading=\"lazy\" width=\"1024\" height=\"500\" data-id=\"1055\"  src=\"https:\/\/www.campingmontdesbruyeres.com\/camping\/wp-content\/uploads\/PHOTO-BAR-7-1024x500.jpg\" alt=\"\" class=\"wp-image-1055\" srcset=\"https:\/\/www.campingmontdesbruyeres.com\/camping\/wp-content\/uploads\/PHOTO-BAR-7-1024x500.jpg 1024w, https:\/\/www.campingmontdesbruyeres.com\/camping\/wp-content\/uploads\/PHOTO-BAR-7-300x146.jpg 300w, https:\/\/www.campingmontdesbruyeres.com\/camping\/wp-content\/uploads\/PHOTO-BAR-7-768x375.jpg 768w, https:\/\/www.campingmontdesbruyeres.com\/camping\/wp-content\/uploads\/PHOTO-BAR-7.jpg 1080w\" sizes=\"(max-width: 1024px) 100vw, 1024px\" \/><\/figure>\n\n\n\n<figure class=\"wp-block-image size-large\"><img decoding=\"async\" loading=\"lazy\" width=\"960\" height=\"720\" data-id=\"1056\"  src=\"https:\/\/www.campingmontdesbruyeres.com\/camping\/wp-content\/uploads\/PHOTO-BAR-8.jpg\" alt=\"\" class=\"wp-image-1056\" srcset=\"https:\/\/www.campingmontdesbruyeres.com\/camping\/wp-content\/uploads\/PHOTO-BAR-8.jpg 960w, https:\/\/www.campingmontdesbruyeres.com\/camping\/wp-content\/uploads\/PHOTO-BAR-8-300x225.jpg 300w, https:\/\/www.campingmontdesbruyeres.com\/camping\/wp-content\/uploads\/PHOTO-BAR-8-768x576.jpg 768w\" sizes=\"(max-width: 960px) 100vw, 960px\" \/><\/figure>\n\n\n\n<figure class=\"wp-block-image size-large\"><img decoding=\"async\" loading=\"lazy\" width=\"1024\" height=\"509\" data-id=\"1054\"  src=\"https:\/\/www.campingmontdesbruyeres.com\/camping\/wp-content\/uploads\/PHOTO-BAR-6-1024x509.jpg\" alt=\"\" class=\"wp-image-1054\" srcset=\"https:\/\/www.campingmontdesbruyeres.com\/camping\/wp-content\/uploads\/PHOTO-BAR-6-1024x509.jpg 1024w, https:\/\/www.campingmontdesbruyeres.com\/camping\/wp-content\/uploads\/PHOTO-BAR-6-300x149.jpg 300w, https:\/\/www.campingmontdesbruyeres.com\/camping\/wp-content\/uploads\/PHOTO-BAR-6-768x381.jpg 768w, https:\/\/www.campingmontdesbruyeres.com\/camping\/wp-content\/uploads\/PHOTO-BAR-6.jpg 1065w\" sizes=\"(max-width: 1024px) 100vw, 1024px\" \/><\/figure>\n\n\n\n<figure class=\"wp-block-image size-large\"><img decoding=\"async\" loading=\"lazy\" width=\"1024\" height=\"787\" data-id=\"1058\"  src=\"https:\/\/www.campingmontdesbruyeres.com\/camping\/wp-content\/uploads\/PHOTO-BAR-10-1024x787.jpg\" alt=\"\" class=\"wp-image-1058\" srcset=\"https:\/\/www.campingmontdesbruyeres.com\/camping\/wp-content\/uploads\/PHOTO-BAR-10-1024x787.jpg 1024w, https:\/\/www.campingmontdesbruyeres.com\/camping\/wp-content\/uploads\/PHOTO-BAR-10-300x231.jpg 300w, https:\/\/www.campingmontdesbruyeres.com\/camping\/wp-content\/uploads\/PHOTO-BAR-10-768x590.jpg 768w, https:\/\/www.campingmontdesbruyeres.com\/camping\/wp-content\/uploads\/PHOTO-BAR-10.jpg 1046w\" sizes=\"(max-width: 1024px) 100vw, 1024px\" \/><\/figure>\n\n\n\n<figure class=\"wp-block-image size-large\"><img decoding=\"async\" loading=\"lazy\" width=\"1024\" height=\"527\" data-id=\"1057\"  src=\"https:\/\/www.campingmontdesbruyeres.com\/camping\/wp-content\/uploads\/PHOTO-BAR-9-1024x527.jpg\" alt=\"\" class=\"wp-image-1057\" srcset=\"https:\/\/www.campingmontdesbruyeres.com\/camping\/wp-content\/uploads\/PHOTO-BAR-9-1024x527.jpg 1024w, https:\/\/www.campingmontdesbruyeres.com\/camping\/wp-content\/uploads\/PHOTO-BAR-9-300x154.jpg 300w, https:\/\/www.campingmontdesbruyeres.com\/camping\/wp-content\/uploads\/PHOTO-BAR-9-768x395.jpg 768w, https:\/\/www.campingmontdesbruyeres.com\/camping\/wp-content\/uploads\/PHOTO-BAR-9.jpg 1067w\" sizes=\"(max-width: 1024px) 100vw, 1024px\" \/><\/figure>\n<\/figure>\n\n\n\n<figure class=\"wp-block-image\"><img alt=\"\"\/><\/figure>\n","protected":false},"excerpt":{"rendered":"<p>Le bar et l&rsquo;\u00e9picerie sont ouvert du 15\/03 au 31\/10.La r\u00f4tisserie (le dimanche midi) et la restauration rapide (le vendredi soir) sont propos\u00e9es du 26\/05 au 15\/09. Il est possible de commander du pain en livraison pour le lendemain. L&rsquo;\u00e9picerie vous propose une large gamme de produit de premi\u00e8re n\u00e9cessit\u00e9 \u00e0 prix r\u00e9duit ainsi que [&hellip;]<\/p>\n","protected":false},"author":2,"featured_media":0,"parent":0,"menu_order":0,"comment_status":"closed","ping_status":"closed","template":"fullwidth-template.php","meta":[],"_links":{"self":[{"href":"https:\/\/www.campingmontdesbruyeres.com\/index.php?rest_route=\/wp\/v2\/pages\/1048"}],"collection":[{"href":"https:\/\/www.campingmontdesbruyeres.com\/index.php?rest_route=\/wp\/v2\/pages"}],"about":[{"href":"https:\/\/www.campingmontdesbruyeres.com\/index.php?rest_route=\/wp\/v2\/types\/page"}],"author":[{"embeddable":true,"href":"https:\/\/www.campingmontdesbruyeres.com\/index.php?rest_route=\/wp\/v2\/users\/2"}],"replies":[{"embeddable":true,"href":"https:\/\/www.campingmontdesbruyeres.com\/index.php?rest_route=%2Fwp%2Fv2%2Fcomments&post=1048"}],"version-history":[{"count":7,"href":"https:\/\/www.campingmontdesbruyeres.com\/index.php?rest_route=\/wp\/v2\/pages\/1048\/revisions"}],"predecessor-version":[{"id":1247,"href":"https:\/\/www.campingmontdesbruyeres.com\/index.php?rest_route=\/wp\/v2\/pages\/1048\/revisions\/1247"}],"wp:attachment":[{"href":"https:\/\/www.campingmontdesbruyeres.com\/index.php?rest_route=%2Fwp%2Fv2%2Fmedia&parent=1048"}],"curies":[{"name":"wp","href":"https:\/\/api.w.org\/{rel}","templated":true}]}}